{"id":8267,"date":"2025-09-18T18:10:02","date_gmt":"2025-09-18T16:10:02","guid":{"rendered":"https:\/\/gilauto.com\/volkswagen\/?page_id=8267"},"modified":"2025-09-29T13:19:18","modified_gmt":"2025-09-29T11:19:18","slug":"sorteo-muacfest","status":"publish","type":"page","link":"https:\/\/gilauto.com\/volkswagen\/sorteo-muacfest\/","title":{"rendered":"Sorteo MUAC Festival"},"content":{"rendered":"[vc_row type=\u00bbfull_width_background\u00bb full_screen_row_position=\u00bbmiddle\u00bb column_margin=\u00bbdefault\u00bb column_direction=\u00bbdefault\u00bb column_direction_tablet=\u00bbdefault\u00bb column_direction_phone=\u00bbdefault\u00bb scene_position=\u00bbcenter\u00bb top_padding=\u00bb200px\u00bb top_padding_phone=\u00bb50px\u00bb text_color=\u00bbcustom\u00bb custom_text_color=\u00bb#000000&#8243; text_align=\u00bbcenter\u00bb row_border_radius=\u00bbnone\u00bb row_border_radius_applies=\u00bbbg\u00bb overflow=\u00bbvisible\u00bb id=\u00bbtitulo\u00bb advanced_gradient_angle=\u00bb0&#8243; overlay_strength=\u00bb0.3&#8243; gradient_direction=\u00bbleft_to_right\u00bb shape_divider_position=\u00bbbottom\u00bb bg_image_animation=\u00bbnone\u00bb gradient_type=\u00bbdefault\u00bb shape_type=\u00bb\u00bb][vc_column column_padding=\u00bbno-extra-padding\u00bb column_padding_tablet=\u00bbinherit\u00bb column_padding_phone=\u00bbinherit\u00bb column_padding_position=\u00bball\u00bb column_element_direction_desktop=\u00bbdefault\u00bb column_element_spacing=\u00bbdefault\u00bb desktop_text_alignment=\u00bbdefault\u00bb tablet_text_alignment=\u00bbdefault\u00bb phone_text_alignment=\u00bbdefault\u00bb background_color_opacity=\u00bb1&#8243; background_hover_color_opacity=\u00bb1&#8243; column_backdrop_filter=\u00bbnone\u00bb column_shadow=\u00bbnone\u00bb column_border_radius=\u00bbnone\u00bb column_link_target=\u00bb_self\u00bb column_position=\u00bbdefault\u00bb gradient_direction=\u00bbleft_to_right\u00bb overlay_strength=\u00bb0.3&#8243; width=\u00bb1\/6&#8243; tablet_width_inherit=\u00bbdefault\u00bb animation_type=\u00bbdefault\u00bb bg_image_animation=\u00bbnone\u00bb border_type=\u00bbsimple\u00bb column_border_width=\u00bbnone\u00bb column_border_style=\u00bbsolid\u00bb][\/vc_column][vc_column column_padding=\u00bbno-extra-padding\u00bb column_padding_tablet=\u00bbinherit\u00bb column_padding_phone=\u00bbinherit\u00bb column_padding_position=\u00bball\u00bb column_element_direction_desktop=\u00bbdefault\u00bb column_element_spacing=\u00bbdefault\u00bb desktop_text_alignment=\u00bbdefault\u00bb tablet_text_alignment=\u00bbdefault\u00bb phone_text_alignment=\u00bbdefault\u00bb background_color_opacity=\u00bb1&#8243; background_hover_color_opacity=\u00bb1&#8243; column_backdrop_filter=\u00bbnone\u00bb column_shadow=\u00bbnone\u00bb column_border_radius=\u00bbnone\u00bb column_link_target=\u00bb_self\u00bb column_position=\u00bbdefault\u00bb gradient_direction=\u00bbleft_to_right\u00bb overlay_strength=\u00bb0.3&#8243; width=\u00bb2\/3&#8243; tablet_width_inherit=\u00bbdefault\u00bb animation_type=\u00bbdefault\u00bb bg_image_animation=\u00bbnone\u00bb border_type=\u00bbsimple\u00bb column_border_width=\u00bbnone\u00bb column_border_style=\u00bbsolid\u00bb][vc_column_text el_class=\u00bbtexto\u00bb text_direction=\u00bbdefault\u00bb]\n<h2>Sorteo <strong>Volkswagen Gilauto | MUAC Festival<\/strong><\/h2>\n[\/vc_column_text][\/vc_column][vc_column column_padding=\u00bbno-extra-padding\u00bb column_padding_tablet=\u00bbinherit\u00bb column_padding_phone=\u00bbinherit\u00bb column_padding_position=\u00bball\u00bb column_element_direction_desktop=\u00bbdefault\u00bb column_element_spacing=\u00bbdefault\u00bb desktop_text_alignment=\u00bbdefault\u00bb tablet_text_alignment=\u00bbdefault\u00bb phone_text_alignment=\u00bbdefault\u00bb background_color_opacity=\u00bb1&#8243; background_hover_color_opacity=\u00bb1&#8243; column_backdrop_filter=\u00bbnone\u00bb column_shadow=\u00bbnone\u00bb column_border_radius=\u00bbnone\u00bb column_link_target=\u00bb_self\u00bb column_position=\u00bbdefault\u00bb gradient_direction=\u00bbleft_to_right\u00bb overlay_strength=\u00bb0.3&#8243; width=\u00bb1\/6&#8243; tablet_width_inherit=\u00bbdefault\u00bb animation_type=\u00bbdefault\u00bb bg_image_animation=\u00bbnone\u00bb border_type=\u00bbsimple\u00bb column_border_width=\u00bbnone\u00bb column_border_style=\u00bbsolid\u00bb][\/vc_column][\/vc_row][vc_row type=\u00bbfull_width_background\u00bb full_screen_row_position=\u00bbmiddle\u00bb column_margin=\u00bbdefault\u00bb column_direction=\u00bbdefault\u00bb column_direction_tablet=\u00bbdefault\u00bb column_direction_phone=\u00bbdefault\u00bb scene_position=\u00bbcenter\u00bb top_padding=\u00bb50px\u00bb constrain_group_1=\u00bbyes\u00bb bottom_padding=\u00bb50px\u00bb left_padding_desktop=\u00bb5%\u00bb constrain_group_2=\u00bbyes\u00bb right_padding_desktop=\u00bb5%\u00bb top_padding_phone=\u00bb50px\u00bb text_color=\u00bbcustom\u00bb custom_text_color=\u00bb#000000&#8243; text_align=\u00bbleft\u00bb row_border_radius=\u00bbnone\u00bb row_border_radius_applies=\u00bbbg\u00bb overflow=\u00bbvisible\u00bb id=\u00bbtitulo\u00bb advanced_gradient_angle=\u00bb0&#8243; overlay_strength=\u00bb0.3&#8243; gradient_direction=\u00bbleft_to_right\u00bb shape_divider_position=\u00bbbottom\u00bb bg_image_animation=\u00bbnone\u00bb gradient_type=\u00bbdefault\u00bb shape_type=\u00bb\u00bb][vc_column column_padding=\u00bbno-extra-padding\u00bb column_padding_tablet=\u00bbinherit\u00bb column_padding_phone=\u00bbinherit\u00bb column_padding_position=\u00bball\u00bb column_element_direction_desktop=\u00bbdefault\u00bb column_element_spacing=\u00bbdefault\u00bb desktop_text_alignment=\u00bbdefault\u00bb tablet_text_alignment=\u00bbdefault\u00bb phone_text_alignment=\u00bbdefault\u00bb background_color_opacity=\u00bb1&#8243; background_hover_color_opacity=\u00bb1&#8243; column_backdrop_filter=\u00bbnone\u00bb column_shadow=\u00bbnone\u00bb column_border_radius=\u00bbnone\u00bb column_link_target=\u00bb_self\u00bb column_position=\u00bbdefault\u00bb gradient_direction=\u00bbleft_to_right\u00bb overlay_strength=\u00bb0.3&#8243; width=\u00bb1\/1&#8243; tablet_width_inherit=\u00bbdefault\u00bb animation_type=\u00bbdefault\u00bb bg_image_animation=\u00bbnone\u00bb border_type=\u00bbsimple\u00bb column_border_width=\u00bbnone\u00bb column_border_style=\u00bbsolid\u00bb][vc_column_text el_class=\u00bbtexto\u00bb text_direction=\u00bbdefault\u00bb]<strong>Tres (3) abonos generales dobles (dos personas) para dos d\u00edas de MUAC Festival \u201326 y 27 de septiembre de 2025-.<\/strong><\/p>\n<p>&nbsp;<\/p>\n<p><strong>1. EMPRESA ORGANIZADORA<\/strong><br \/>\nLa entidad organizadora del presente sorteo es Gilauto S.A.U., con domicilio social en Ctra. de Ja\u00e9n, 12 (Cruce de Maracena, Acc. por v\u00eda de servicio) 18197 Pulianas (Granada) y CIF A18017079 en adelante, \u00abla organizadora\u00bb.<\/p>\n<p>&nbsp;<\/p>\n<p><strong>2. OBJETO DEL SORTEO<\/strong><br \/>\nLa empresa organizadora realizar\u00e1 un sorteo con la finalidad de promover sus perfiles en redes sociales de la marca Volkswagen, regalando, en total, 3 abonos generales dobles para el festival de m\u00fasica MUAC Festival, que se celebrar\u00e1 los d\u00edas 26 y 27 de septiembre en Armilla (Granada).<\/p>\n<p>&nbsp;<\/p>\n<p><strong>3. \u00c1MBITO DE APLICACI\u00d3N<\/strong><br \/>\nLa participaci\u00f3n est\u00e1 limitada al territorio espa\u00f1ol.<\/p>\n<p>&nbsp;<\/p>\n<p><strong>4. DURACI\u00d3N<\/strong><br \/>\nEl plazo de participaci\u00f3n ser\u00e1 desde la publicaci\u00f3n del sorteo hasta el viernes 26 de septiembre de 2025 a las 09:00 horas. Los ganadores se anunciar\u00e1 el viernes 26 de septiembre de 2025 a las 11.00 horas a trav\u00e9s del perfil oficial Volkswagen Gilauto (vwgilauto) en Instagram.<\/p>\n<p>&nbsp;<\/p>\n<p><strong>5. REQUISITOS DE PARTICIPACI\u00d3N<\/strong><br \/>\nPodr\u00e1n participar todas aquellas personas f\u00edsicas que:<\/p>\n<ul>\n<li>Sean mayores de 18 a\u00f1os.<\/li>\n<li>Residan en Espa\u00f1a.<\/li>\n<li>Sean seguidores del perfil de Instagram desde el que participan (vwgilauto).<\/li>\n<li>Comenten la publicaci\u00f3n mencionando con qui\u00e9n les gustar\u00eda asistir al festival y la canci\u00f3n que desear\u00edan escuchar en directo.<\/li>\n<\/ul>\n<p>Queda expresamente prohibida la participaci\u00f3n de empleados de Gilauto S.A.U.<\/p>\n<p>&nbsp;<\/p>\n<p><strong>6. PREMIO<\/strong><br \/>\nSe sortear\u00e1n 3(tres) abonos generales dobles para los dos d\u00edas del festival mencionado. El premio es personal e intransferible, no canjeable por dinero en efectivo ni por ning\u00fan otro bien o servicio.<\/p>\n<p>&nbsp;<\/p>\n<p><strong>7. MEC\u00c1NICA Y ELECCI\u00d3N DEL GANADOR<\/strong><br \/>\nEntre todos los participantes que cumplan los requisitos descritos, se elegir\u00e1 aleatoriamente tres (3) ganadores en total utilizando la plataforma de selecci\u00f3n aleatoria Easy Promos. El ganador ser\u00e1 contactado por mensaje directo en Instagram.<\/p>\n<p>&nbsp;<\/p>\n<p>Para la entrega del premio, el ganador deber\u00e1 facilitar su nombre completo, DNI y n\u00famero de tel\u00e9fono o correo el\u00e9ctronico, necesarios para la correcta gesti\u00f3n y validaci\u00f3n del premio.<\/p>\n<p>&nbsp;<\/p>\n<p><strong>8. PROTECCI\u00d3N DE DATOS PERSONALES<\/strong><br \/>\nLos datos personales facilitados por los participantes ser\u00e1n incorporados a un fichero titularidad de Gilauto S.A.U., cuya finalidad es la gesti\u00f3n del sorteo, as\u00ed como el contacto con el ganador. Los datos no ser\u00e1n cedidos a terceros ni utilizados para otros fines. Los participantes pueden ejercer sus derechos de acceso, rectificaci\u00f3n, cancelaci\u00f3n y oposici\u00f3n mediante solicitud dirigida a la direcci\u00f3n de la empresa organizadora.<\/p>\n<p>&nbsp;<\/p>\n<p><strong>9. ACEPTACI\u00d3N DE LAS BASES<\/strong><br \/>\nLa participaci\u00f3n en el sorteo implica la aceptaci\u00f3n \u00edntegra de las presentes bases. La organizadora se reserva el derecho de modificar o cancelar el sorteo si as\u00ed lo exigieran las circunstancias, comunic\u00e1ndolo debidamente.<\/p>\n<p>&nbsp;<\/p>\n<p><strong>10. RESPONSABILIDAD<\/strong><br \/>\nGilauto S.A.U. queda exenta de cualquier responsabilidad en caso de que, por causas ajenas a su voluntad, el partido se suspenda, aplace o sufra cualquier modificaci\u00f3n.<\/p>\n<p>&nbsp;<\/p>\n<p><strong>11. EXONERACI\u00d3N DE INSTAGRAM<\/strong><br \/>\nEste sorteo no est\u00e1 patrocinado, avalado, administrado ni asociado en modo alguno con Instagram. El participante exonera completamente a Instagram de toda responsabilidad derivada del mismo. La informaci\u00f3n que los participantes proporcionen ser\u00e1 gestionada \u00fanicamente por Gilauto S.A.U., y no por Instagram.[\/vc_column_text][\/vc_column][\/vc_row]\n","protected":false},"excerpt":{"rendered":"<p>[vc_row type=\u00bbfull_width_background\u00bb full_screen_row_position=\u00bbmiddle\u00bb column_margin=\u00bbdefault\u00bb column_direction=\u00bbdefault\u00bb column_direction_tablet=\u00bbdefault\u00bb column_direction_phone=\u00bbdefault\u00bb scene_position=\u00bbcenter\u00bb top_padding=\u00bb200px\u00bb top_padding_phone=\u00bb50px\u00bb text_color=\u00bbcustom\u00bb custom_text_color=\u00bb#000000&#8243; text_align=\u00bbcenter\u00bb row_border_radius=\u00bbnone\u00bb row_border_radius_applies=\u00bbbg\u00bb overflow=\u00bbvisible\u00bb id=\u00bbtitulo\u00bb advanced_gradient_angle=\u00bb0&#8243; overlay_strength=\u00bb0.3&#8243; gradient_direction=\u00bbleft_to_right\u00bb&#8230;<\/p>\n","protected":false},"author":1,"featured_media":0,"parent":0,"menu_order":0,"comment_status":"closed","ping_status":"closed","template":"","meta":{"_acf_changed":false,"footnotes":""},"class_list":["post-8267","page","type-page","status-publish"],"acf":[],"_links":{"self":[{"href":"https:\/\/gilauto.com\/volkswagen\/wp-json\/wp\/v2\/pages\/8267","targetHints":{"allow":["GET"]}}],"collection":[{"href":"https:\/\/gilauto.com\/volkswagen\/wp-json\/wp\/v2\/pages"}],"about":[{"href":"https:\/\/gilauto.com\/volkswagen\/wp-json\/wp\/v2\/types\/page"}],"author":[{"embeddable":true,"href":"https:\/\/gilauto.com\/volkswagen\/wp-json\/wp\/v2\/users\/1"}],"replies":[{"embeddable":true,"href":"https:\/\/gilauto.com\/volkswagen\/wp-json\/wp\/v2\/comments?post=8267"}],"version-history":[{"count":4,"href":"https:\/\/gilauto.com\/volkswagen\/wp-json\/wp\/v2\/pages\/8267\/revisions"}],"predecessor-version":[{"id":8279,"href":"https:\/\/gilauto.com\/volkswagen\/wp-json\/wp\/v2\/pages\/8267\/revisions\/8279"}],"wp:attachment":[{"href":"https:\/\/gilauto.com\/volkswagen\/wp-json\/wp\/v2\/media?parent=8267"}],"curies":[{"name":"wp","href":"https:\/\/api.w.org\/{rel}","templated":true}]}}