{"id":7413,"date":"2023-01-16T10:42:59","date_gmt":"2023-01-16T09:42:59","guid":{"rendered":"https:\/\/gilauto.com\/volkswagen\/?page_id=2598"},"modified":"2025-05-23T17:42:18","modified_gmt":"2025-05-23T15:42:18","slug":"politica-de-cookies","status":"publish","type":"page","link":"https:\/\/gilauto.com\/volkswagen\/politica-de-cookies\/","title":{"rendered":"Pol\u00edtica de cookies"},"content":{"rendered":"[vc_row type=\u00bbfull_width_background\u00bb full_screen_row_position=\u00bbmiddle\u00bb column_margin=\u00bbdefault\u00bb column_direction=\u00bbdefault\u00bb column_direction_tablet=\u00bbdefault\u00bb column_direction_phone=\u00bbdefault\u00bb scene_position=\u00bbcenter\u00bb top_padding=\u00bb200px\u00bb top_padding_phone=\u00bb50px\u00bb text_color=\u00bbcustom\u00bb custom_text_color=\u00bb#000000&#8243; text_align=\u00bbcenter\u00bb row_border_radius=\u00bbnone\u00bb row_border_radius_applies=\u00bbbg\u00bb overflow=\u00bbvisible\u00bb id=\u00bbtitulo\u00bb advanced_gradient_angle=\u00bb0&#8243; overlay_strength=\u00bb0.3&#8243; gradient_direction=\u00bbleft_to_right\u00bb shape_divider_position=\u00bbbottom\u00bb bg_image_animation=\u00bbnone\u00bb gradient_type=\u00bbdefault\u00bb shape_type=\u00bb\u00bb][vc_column column_padding=\u00bbno-extra-padding\u00bb column_padding_tablet=\u00bbinherit\u00bb column_padding_phone=\u00bbinherit\u00bb column_padding_position=\u00bball\u00bb column_element_spacing=\u00bbdefault\u00bb background_color_opacity=\u00bb1&#8243; background_hover_color_opacity=\u00bb1&#8243; column_shadow=\u00bbnone\u00bb column_border_radius=\u00bbnone\u00bb column_link_target=\u00bb_self\u00bb column_position=\u00bbdefault\u00bb gradient_direction=\u00bbleft_to_right\u00bb overlay_strength=\u00bb0.3&#8243; width=\u00bb1\/6&#8243; tablet_width_inherit=\u00bbdefault\u00bb tablet_text_alignment=\u00bbdefault\u00bb phone_text_alignment=\u00bbdefault\u00bb animation_type=\u00bbdefault\u00bb bg_image_animation=\u00bbnone\u00bb border_type=\u00bbsimple\u00bb column_border_width=\u00bbnone\u00bb column_border_style=\u00bbsolid\u00bb][\/vc_column][vc_column column_padding=\u00bbno-extra-padding\u00bb column_padding_tablet=\u00bbinherit\u00bb column_padding_phone=\u00bbinherit\u00bb column_padding_position=\u00bball\u00bb column_element_spacing=\u00bbdefault\u00bb background_color_opacity=\u00bb1&#8243; background_hover_color_opacity=\u00bb1&#8243; column_shadow=\u00bbnone\u00bb column_border_radius=\u00bbnone\u00bb column_link_target=\u00bb_self\u00bb column_position=\u00bbdefault\u00bb gradient_direction=\u00bbleft_to_right\u00bb overlay_strength=\u00bb0.3&#8243; width=\u00bb2\/3&#8243; tablet_width_inherit=\u00bbdefault\u00bb tablet_text_alignment=\u00bbdefault\u00bb phone_text_alignment=\u00bbdefault\u00bb animation_type=\u00bbdefault\u00bb bg_image_animation=\u00bbnone\u00bb border_type=\u00bbsimple\u00bb column_border_width=\u00bbnone\u00bb column_border_style=\u00bbsolid\u00bb][vc_column_text el_class=\u00bbtexto\u00bb]\n<h2><strong>Pol\u00edtica<\/strong> de cookies<\/h2>\n[\/vc_column_text][\/vc_column][vc_column column_padding=\u00bbno-extra-padding\u00bb column_padding_tablet=\u00bbinherit\u00bb column_padding_phone=\u00bbinherit\u00bb column_padding_position=\u00bball\u00bb column_element_spacing=\u00bbdefault\u00bb background_color_opacity=\u00bb1&#8243; background_hover_color_opacity=\u00bb1&#8243; column_shadow=\u00bbnone\u00bb column_border_radius=\u00bbnone\u00bb column_link_target=\u00bb_self\u00bb column_position=\u00bbdefault\u00bb gradient_direction=\u00bbleft_to_right\u00bb overlay_strength=\u00bb0.3&#8243; width=\u00bb1\/6&#8243; tablet_width_inherit=\u00bbdefault\u00bb tablet_text_alignment=\u00bbdefault\u00bb phone_text_alignment=\u00bbdefault\u00bb animation_type=\u00bbdefault\u00bb bg_image_animation=\u00bbnone\u00bb border_type=\u00bbsimple\u00bb column_border_width=\u00bbnone\u00bb column_border_style=\u00bbsolid\u00bb][\/vc_column][\/vc_row][vc_row type=\u00bbfull_width_background\u00bb full_screen_row_position=\u00bbmiddle\u00bb column_margin=\u00bbdefault\u00bb column_direction=\u00bbdefault\u00bb column_direction_tablet=\u00bbdefault\u00bb column_direction_phone=\u00bbdefault\u00bb scene_position=\u00bbcenter\u00bb top_padding=\u00bb50px\u00bb constrain_group_1=\u00bbyes\u00bb bottom_padding=\u00bb50px\u00bb left_padding_desktop=\u00bb5%\u00bb constrain_group_2=\u00bbyes\u00bb right_padding_desktop=\u00bb5%\u00bb top_padding_phone=\u00bb50px\u00bb text_color=\u00bbcustom\u00bb custom_text_color=\u00bb#000000&#8243; text_align=\u00bbleft\u00bb row_border_radius=\u00bbnone\u00bb row_border_radius_applies=\u00bbbg\u00bb overflow=\u00bbvisible\u00bb id=\u00bbtitulo\u00bb advanced_gradient_angle=\u00bb0&#8243; overlay_strength=\u00bb0.3&#8243; gradient_direction=\u00bbleft_to_right\u00bb shape_divider_position=\u00bbbottom\u00bb bg_image_animation=\u00bbnone\u00bb gradient_type=\u00bbdefault\u00bb shape_type=\u00bb\u00bb][vc_column column_padding=\u00bbno-extra-padding\u00bb column_padding_tablet=\u00bbinherit\u00bb column_padding_phone=\u00bbinherit\u00bb column_padding_position=\u00bball\u00bb column_element_spacing=\u00bbdefault\u00bb background_color_opacity=\u00bb1&#8243; background_hover_color_opacity=\u00bb1&#8243; column_shadow=\u00bbnone\u00bb column_border_radius=\u00bbnone\u00bb column_link_target=\u00bb_self\u00bb column_position=\u00bbdefault\u00bb gradient_direction=\u00bbleft_to_right\u00bb overlay_strength=\u00bb0.3&#8243; width=\u00bb1\/1&#8243; tablet_width_inherit=\u00bbdefault\u00bb tablet_text_alignment=\u00bbdefault\u00bb phone_text_alignment=\u00bbdefault\u00bb animation_type=\u00bbdefault\u00bb bg_image_animation=\u00bbnone\u00bb border_type=\u00bbsimple\u00bb column_border_width=\u00bbnone\u00bb column_border_style=\u00bbsolid\u00bb][vc_column_text el_class=\u00bbtexto\u00bb]1. Uso de cookies<br \/>\n2. Tipos, finalidad y funcionamiento de las\u00a0cookies<br \/>\n3. C\u00f3mo deshabilitar las\u00a0cookies\u00a0en los navegadores m\u00e1s utilizados<br \/>\n4. Qu\u00e9 ocurre si se deshabilitan las\u00a0cookies<br \/>\n5. Cambios en la pol\u00edtica de\u00a0cookies<\/p>\n<p>&nbsp;<\/p>\n<p><strong>1. Uso de\u00a0cookies\u00a0por la p\u00e1gina web www.gilauto.com<\/strong><br \/>\nEn esta p\u00e1gina web se utilizan cookies. Las cookies son ficheros enviados a un navegador por medio de un servidor web para registrar las actividades del Usuario en una web o servicios de las webs de <strong>GILAUTO<\/strong> (en adelante, los servicios). Las cookies se usan para facilitar el mantenimiento de la sesi\u00f3n de usuario, para que la p\u00e1gina pueda funcionar correctamente en sus mecanismos imprescindibles, para un acceso m\u00e1s r\u00e1pido a los servicios seleccionados, y para personalizar los servicios que ofrecen las webs de <strong>GILAUTO<\/strong> en base a elecciones y preferencias habituales del usuario, al hacer uso de los servicios. Las cookies se asocian a un usuario an\u00f3nimo y su ordenador y no recaban datos de car\u00e1cter personal. El usuario puede configurar su navegador para no permitir la instalaci\u00f3n de cookies utilizadas por las webs de <strong>GILAUTO<\/strong>, sin que el rechazo de las mismas impida al usuario acceder los servicios, si bien, no permitir la instalaci\u00f3n de cookies, puede hacer bajar la rapidez y calidad de funcionamiento de la p\u00e1gina Web, o incluso impedir que alguno de los servicios se pueda utilizar.<\/p>\n<p><strong>Las cookies se podr\u00e1n gestionar por medio del Gestor de Consentimiento de Cookies que <\/strong><strong>aparecer\u00e1 a su atenci\u00f3n el momento de acceder a la p\u00e1gina. Podr\u00e1 gestionar la aceptaci\u00f3n o <\/strong><strong>no de los diferentes grupos de cookies, as\u00ed como consultar las cookies que se utilizan y su <\/strong><strong>descripci\u00f3n completa. Opcional: Si en cualquier momento desea modificar su elecci\u00f3n de <\/strong><strong>configuraci\u00f3n de cookies puede acceder de nuevo al Gestor de Consentimiento de Cookies <\/strong><strong>clicando en su icono.<\/strong><\/p>\n<p><strong>Clasificaci\u00f3n de las cookies en atenci\u00f3n a su duraci\u00f3n:<\/strong><br \/>\n<strong>\u201cCookies de sesi\u00f3n\u201d o \u201cCookies persistentes\u201d:<\/strong> las primeras son eliminadas al cerrar el navegador, mientras que las segundas permanecen en el equipo inform\u00e1tico.<br \/>\n<strong>\u201cCookies de primera parte\u201d o \u201cCookies de tercera parte\u201d:<\/strong> en funci\u00f3n de si son servidas por el propio dominio web, o a un tercero.<br \/>\n<strong>Clasificaci\u00f3n de las cookies en atenci\u00f3n a su finalidad:<br \/>\n&#8211; User input cookies o cookies de session:<\/strong> Se emplean para realizar inicios de sesi\u00f3n, carros de la<br \/>\ncompra etc.<br \/>\n<strong>&#8211; Cookies de autenticaci\u00f3n:<\/strong> Identifican al usuario una vez que realiza log-in en el sistema.<br \/>\n<strong>&#8211; User centric security cookies:<\/strong> Cookies dirigidas a incrementar la seguridad de un servicio solicitado por el usuario, como controlar la seguridad al intentar acceder repetidamente a un<br \/>\nsistema de registro.<br \/>\n<strong>&#8211; Multimedia Player session cookies (Flash Cookies):<\/strong> se utilizan para almacenar datos t\u00e9cnicos necesarios para reproducir v\u00eddeo o audio (como podr\u00eda ser la calidad de la imagen, o la<br \/>\nvelocidad de red).<br \/>\n<strong>&#8211; Load balancing session cookies:<\/strong> estas cookies solo almacenar\u00edan informaci\u00f3n sobre puntos de conexi\u00f3n (cookie de car\u00e1cter t\u00e9cnico).<br \/>\n<strong>&#8211; UI customization cookies:<\/strong> suelen emplearse para personalizar la apariencia de la web (lenguaje, etc).<br \/>\n<strong>&#8211; Social plug-in content sharing cookies:<\/strong> Las redes sociales suelen disponer de \u201cm\u00f3dulos plug-in&amp;quot; que los titulares de websites pueden integrar en su plataforma para que los usuarios de redes<br \/>\nsociales compartan contenidos con sus contactos. Estos plug-ins suelen implicar la instalaci\u00f3n de cookies en los equipos de los usuarios.<br \/>\n<strong>&#8211; Third party advertising:<\/strong> Cookies empleados para redes de anuncios de terceros.<br \/>\n<strong>&#8211; Cookies anal\u00edticas:<\/strong> generan estad\u00edsticas sobre flujo de visitantes, patrones de navegaci\u00f3n, etc.<br \/>\n<strong>&#8211; AddThis<\/strong><br \/>\n<strong>&#8211; Cookies para enlazar contenidos y compartir archivos en redes sociales.<\/strong> Nos facilita informaci\u00f3n sobre qu\u00e9 contenidos son m\u00e1s compartidos y a trav\u00e9s de qu\u00e9 redes sociales.<br \/>\n<strong>&#8211; Google Analytics,<\/strong> para generar las estad\u00edsticas de uso y navegaci\u00f3n de las p\u00e1ginas<br \/>\nLa finalidad de estas cookies es:<br \/>\nConocer el n\u00famero de visitantes, y el tiempo de navegaci\u00f3n en nuestra web.<br \/>\nConocer cu\u00e1les son los contenidos m\u00e1s visitados.<br \/>\nConocer si el usuario es nuevo, o ya ha visitado con anterioridad la Web.<\/p>\n<p><strong>GILAUTO<\/strong> se reserva el derecho de utilizar cookies en la navegaci\u00f3n del usuario por su p\u00e1gina web para facilitar la personalizaci\u00f3n y comodidad de la navegaci\u00f3n. Siguiendo la pol\u00edtica de protecci\u00f3n de datos de<br \/>\nla empresa, le informamos que las cookies se asocian al usuario an\u00f3nimo y a su ordenador, y no proporcionan de por s\u00ed datos privados del usuario.<br \/>\nEl usuario puede rechazar el tratamiento de los datos o la informaci\u00f3n rechazando el uso de cookies mediante la configuraci\u00f3n del Gestor de Consentimiento de Cookies que se ha dispuesto para comodidad<br \/>\ndel usuario, o bien por medio de la selecci\u00f3n de la configuraci\u00f3n apropiada de su navegador. Sin embargo, debe usted saber que si lo hace puede ser que no pueda usar la plena funcionalidad de esta p\u00e1gina web.<br \/>\nTambi\u00e9n puede usted inhabilitar el uso de cookies a trav\u00e9s de la configuraci\u00f3n de privacidad de su navegador, en los enlaces que se exponen m\u00e1s adelante en esta misma Pol\u00edtica de Cookies.<\/p>\n<p>&nbsp;<\/p>\n<p><strong>2. Tipos, finalidad y funcionamiento de las\u00a0cookies\u00a0utilizadas en la p\u00e1gina web<br \/>\nLas cookies que actualmente se utilizan en la p\u00e1gina web son las que expl\u00edcitamente se exponen y se<\/strong><br \/>\n<strong>describen en el gestor de consentimiento de cookies, donde podr\u00e1 configurarlas a su elecci\u00f3n.<\/strong><br \/>\nTambi\u00e9n puede encontrarlas a continuaci\u00f3n, junto al el estado actual de su consentimiento.<\/p>\n<p>&nbsp;<\/p>\n<table>\n<tbody>\n<tr>\n<th>Id<\/th>\n<th>Dominio<\/th>\n<th>Duraci\u00f3n<\/th>\n<th>Descripci\u00f3n<\/th>\n<\/tr>\n<tr>\n<td>_GRECAPTCHA<\/td>\n<td>google.com<\/td>\n<td>5 meses<\/td>\n<td>Esta cookie la instala el servicio recaptcha de Google para identificar bots y proteger el sitio web contra ataques maliciosos de spam.<\/td>\n<\/tr>\n<tr>\n<td>woocommerce_cart_hash<\/td>\n<td>gilauto.com<\/td>\n<td>Session<\/td>\n<td>Esta cookie es instalada por WooCommerce. La cookie ayuda a WooCommerce a determinar cu\u00e1ndo cambia el contenido\/datos del carrito.<\/td>\n<\/tr>\n<tr>\n<td>woocommerce_cart_hash<\/td>\n<td>gilauto.com<\/td>\n<td>Session<\/td>\n<td>Esta cookie es instalada por WooCommerce. La cookie ayuda a WooCommerce a determinar cu\u00e1ndo cambia el contenido\/datos del carrito.<\/td>\n<\/tr>\n<tr>\n<td>tk_or<\/td>\n<td>gilauto.com<\/td>\n<td>5 a\u00f1os<\/td>\n<td>La tk_or es una cookie de referencia establecida por el plugin JetPack en sitios que utilizan WooCommerce, que analiza el comportamiento de referencia para Jetpack.<\/td>\n<\/tr>\n<tr>\n<td>tk_r3d<\/td>\n<td>gilauto.com<\/td>\n<td>3 d\u00edas<\/td>\n<td>JetPack instala esta cookie para recopilar m\u00e9tricas internas de la actividad del usuario y, a su vez, mejorar la experiencia del usuario.<\/td>\n<\/tr>\n<tr>\n<td>tk_lr<\/td>\n<td>gilauto.com<\/td>\n<td>1 a\u00f1o<\/td>\n<td>La tk_lr es una cookie de referencia establecida por el plugin JetPack en sitios que utilizan WooCommerce, que analiza el comportamiento de referencia para Jetpack.<\/td>\n<\/tr>\n<tr>\n<td>tk_ai<\/td>\n<td>gilauto.com<\/td>\n<td>5 a\u00f1os<\/td>\n<td>JetPack establece esta cookie para almacenar un ID an\u00f3nimo generado aleatoriamente que s\u00f3lo se utiliza en el \u00e1rea de administraci\u00f3n y para el seguimiento anal\u00edtico general.<\/td>\n<\/tr>\n<tr>\n<td>tk_qs<\/td>\n<td>gilauto.com<\/td>\n<td>30 minutes<\/td>\n<td>JetPack establece esta cookie para almacenar un ID an\u00f3nimo generado aleatoriamente que s\u00f3lo se utiliza en el \u00e1rea de administraci\u00f3n y para el seguimiento anal\u00edtico general.<\/td>\n<\/tr>\n<tr>\n<td>woocommerce_items_in_cart<\/td>\n<td>gilauto.com<\/td>\n<td>Session<\/td>\n<td>Sin descripci\u00f3n.<\/td>\n<\/tr>\n<tr>\n<td>wp_woocommerce_session_a045c70c7a3eaa70443136c30941ecf4<\/td>\n<td>gilauto.com<\/td>\n<td>2 d\u00edas<\/td>\n<td>Sin descripci\u00f3n.<\/td>\n<\/tr>\n<\/tbody>\n<\/table>\n<p>&nbsp;<\/p>\n<p><strong>3. C\u00f3mo deshabilitar las\u00a0cookies\u00a0en los principales navegadores<\/strong><br \/>\nPueden bloquearse o deshabilitarse con las herramientas de configuraci\u00f3n de su navegador. El navegador le permite rechazar la instalaci\u00f3n de todas las cookies, o bien elegir rechazar solo alguna de ellas.<br \/>\nLe indicamos los enlaces a las herramientas de los principales navegadores, en las que poder informarse sobre c\u00f3mo deshabilitar las cookies.<br \/>\n<strong>Google Chrome<\/strong><br \/>\n<a href=\"https:\/\/support.google.com\/chrome\/answer\/95647?hl=es&amp;hlrm=en\">https:\/\/support.google.com\/chrome\/answer\/95647?hl=es&amp;amp;hlrm=en<\/a><br \/>\n<strong>Mozilla Firefox<\/strong><br \/>\n<a href=\"http:\/\/support.mozilla.org\/es\/kb\/cookies-informacion-que-los-sitios-web-guardan-en-?redirectlocale=en-US&amp;redirectslug=Cookies\">http:\/\/support.mozilla.org\/es\/kb\/cookies-informacion-que-los-sitios-web-guardan-en-?redirectlocale=en-US&amp;amp;redirectslug=Cookies<\/a><br \/>\n<strong>Apple Safari<\/strong><br \/>\n<a href=\"http:\/\/support.apple.com\/kb\/PH5042?viewlocale=es_EShttp:\/\/support.apple.com\/kb\/HT1677?viewlocale=es_ES\">http:\/\/support.apple.com\/kb\/PH5042?viewlocale=es_EShttp:\/\/support.apple.com\/kb\/HT1677?viewlocale=es_ES<\/a><br \/>\n<strong>Internet Explorer<\/strong><br \/>\n<strong>Versi\u00f3n 5<\/strong><br \/>\n<a href=\"http:\/\/support.microsoft.com\/kb\/196955\/es\">http:\/\/support.microsoft.com\/kb\/196955\/es<\/a><br \/>\n<strong>Versi\u00f3n 6<\/strong><br \/>\n<a href=\"http:\/\/support.microsoft.com\/kb\/283185\/es\">http:\/\/support.microsoft.com\/kb\/283185\/es<\/a><br \/>\n<strong>Versiones 7 y 8<\/strong><br \/>\n<a href=\"http:\/\/windows.microsoft.com\/es-ES\/windows-vista\/Block-or-allow-cookies\">http:\/\/windows.microsoft.com\/es-ES\/windows-vista\/Block-or-allow-cookies<\/a><br \/>\n<strong>Versi\u00f3n 9<\/strong><br \/>\n<a href=\"http:\/\/windows.microsoft.com\/es-ES\/windows7\/How-to-manage-cookies-in-Internet-Explorer-9\">http:\/\/windows.microsoft.com\/es-ES\/windows7\/How-to-manage-cookies-in-Internet-Explorer-9<\/a><br \/>\n<strong>Versi\u00f3n 10 y posteriores<\/strong><br \/>\n<a href=\"http:\/\/windows.microsoft.com\/es-xl\/internet-explorer\/delete-manage-cookies\">http:\/\/windows.microsoft.com\/es-xl\/internet-explorer\/delete-manage-cookies<\/a><\/p>\n<p>&nbsp;<\/p>\n<p><strong>4. Qu\u00e9 ocurre si se deshabilitan las\u00a0cookies<\/strong><br \/>\nSi rechaza las cookies podr\u00e1 seguir usando nuestro sitio web, pero es posible que algunos de los servicios y\/o enlaces dejen de funcionar, que no se pueda iniciar o mantener la sesi\u00f3n interactiva con los servicios de la p\u00e1gina web, y no podremos obtener de usted informaci\u00f3n muy valiosa para ofrecerle contenidos acordes a sus intereses y para que Ud. pueda acceder m\u00e1s f\u00e1cil y r\u00e1pidamente a la informaci\u00f3n de su inter\u00e9s.<\/p>\n<p>&nbsp;<\/p>\n<p><strong>5. Cambios en la pol\u00edtica de\u00a0cookies<\/strong><br \/>\n<strong>GILAUTO<\/strong> puede modificar esta pol\u00edtica de cookies, bien por incorporar cookies nuevas por necesidad de nuevos contenidos que se puedan ofrecer, o bien en funci\u00f3n de exigencias legislativas o reglamentarias, que hagan necesario el cambio de la misma, por ello se aconseja a los Usuarios que la visiten antes de comenzar la navegaci\u00f3n por la web, y cada vez que la visiten de nuevo.[\/vc_column_text][\/vc_column][\/vc_row]\n","protected":false},"excerpt":{"rendered":"<p>[vc_row type=\u00bbfull_width_background\u00bb full_screen_row_position=\u00bbmiddle\u00bb column_margin=\u00bbdefault\u00bb column_direction=\u00bbdefault\u00bb column_direction_tablet=\u00bbdefault\u00bb column_direction_phone=\u00bbdefault\u00bb scene_position=\u00bbcenter\u00bb top_padding=\u00bb200px\u00bb top_padding_phone=\u00bb50px\u00bb text_color=\u00bbcustom\u00bb custom_text_color=\u00bb#000000&#8243; text_align=\u00bbcenter\u00bb row_border_radius=\u00bbnone\u00bb row_border_radius_applies=\u00bbbg\u00bb overflow=\u00bbvisible\u00bb id=\u00bbtitulo\u00bb advanced_gradient_angle=\u00bb0&#8243; overlay_strength=\u00bb0.3&#8243; gradient_direction=\u00bbleft_to_right\u00bb&#8230;<\/p>\n","protected":false},"author":1,"featured_media":0,"parent":0,"menu_order":0,"comment_status":"closed","ping_status":"closed","template":"","meta":{"_acf_changed":false,"footnotes":""},"class_list":["post-7413","page","type-page","status-publish"],"acf":[],"_links":{"self":[{"href":"https:\/\/gilauto.com\/volkswagen\/wp-json\/wp\/v2\/pages\/7413","targetHints":{"allow":["GET"]}}],"collection":[{"href":"https:\/\/gilauto.com\/volkswagen\/wp-json\/wp\/v2\/pages"}],"about":[{"href":"https:\/\/gilauto.com\/volkswagen\/wp-json\/wp\/v2\/types\/page"}],"author":[{"embeddable":true,"href":"https:\/\/gilauto.com\/volkswagen\/wp-json\/wp\/v2\/users\/1"}],"replies":[{"embeddable":true,"href":"https:\/\/gilauto.com\/volkswagen\/wp-json\/wp\/v2\/comments?post=7413"}],"version-history":[{"count":1,"href":"https:\/\/gilauto.com\/volkswagen\/wp-json\/wp\/v2\/pages\/7413\/revisions"}],"predecessor-version":[{"id":7638,"href":"https:\/\/gilauto.com\/volkswagen\/wp-json\/wp\/v2\/pages\/7413\/revisions\/7638"}],"wp:attachment":[{"href":"https:\/\/gilauto.com\/volkswagen\/wp-json\/wp\/v2\/media?parent=7413"}],"curies":[{"name":"wp","href":"https:\/\/api.w.org\/{rel}","templated":true}]}}